{"id":1726,"date":"2023-05-01T09:15:06","date_gmt":"2023-05-01T07:15:06","guid":{"rendered":"https:\/\/lovebolivia.com\/inicio\/"},"modified":"2026-04-06T08:21:38","modified_gmt":"2026-04-06T06:21:38","slug":"inicio","status":"publish","type":"page","link":"https:\/\/lovebolivia.com\/es\/","title":{"rendered":"Ama Bolivia"},"content":{"rendered":"\n<h2 class=\"wp-block-heading has-text-align-center\">Ama Bolivia | Vive la magia de Bolivia<\/h2>\n\n<h2 class=\"wp-block-heading\">Descubriendo viajes inolvidables<\/h2>\n\n<p>Bienvenido a Bolivia Enamora, \u00a1tu puerta de entrada al encantador mundo de las maravillas bolivianas! Si eres un alma aventurera con ansias de vivir experiencias extraordinarias, has venido al lugar adecuado. Prep\u00e1rate para asombrarte. Bolivia tiene paisajes impresionantes. Tiene una cultura rica y tradiciones vivas. Estas caracter\u00edsticas hacen de Bolivia una joya para los viajeros aventureros. Acomp\u00e1\u00f1anos en un viaje virtual por esta tierra de maravillas, donde cada paso conduce a un nuevo descubrimiento.<\/p>\n\n<h2 class=\"wp-block-heading\">Discover Bolivia<\/h2>\n\n<h3 class=\"wp-block-heading\">Donde convergen la belleza y la aventura<\/h3>\n\n<p>\u00bfEst\u00e1s preparado para enamorarte perdidamente de Bolivia? En Bolivia Love, nuestra misi\u00f3n es mostrar el coraz\u00f3n y el alma de este incre\u00edble pa\u00eds. Queremos revelarte sus joyas ocultas y guiarte hacia las mejores experiencias de viaje. Desde las altas monta\u00f1as de los Andes hasta la verde selva amaz\u00f3nica, Bolivia tiene muchas maravillas naturales que te asombrar\u00e1n.<\/p>\n\n<h2 class=\"wp-block-heading\">Ama Bolivia<\/h2>\n\n<h3 class=\"wp-block-heading\">Una historia de amor con la cultura<\/h3>\n\n<p>Del\u00e9itate con el rico tapiz cultural de Bolivia mientras exploras tradiciones centenarias y comunidades vibrantes. Sum\u00e9rgete en coloridos festivales llenos de energ\u00eda, o recorre las calles empedradas de encantadoras ciudades coloniales. Con cada encuentro, sentir\u00e1s el latido de una naci\u00f3n orgullosa de su patrimonio.<\/p>\n\n<h2 class=\"wp-block-heading\">Turismo en Bolivia<\/h2>\n\n<h3 class=\"wp-block-heading\">Crear recuerdos, aventura a aventura<\/h3>\n\n<p>Calling all adventure seekers and wanderlust enthusiasts! <strong>Bolivia Love<\/strong> is your guide to creating memories that will last a lifetime. Bolivia has something special for everyone. You can find excitement on the world&#8217;s most dangerous road. You can also visit the beautiful Uyuni Salt Flats.   <\/p>\n\n<h2 class=\"wp-block-heading\">Discover Bolivia<\/h2>\n\n<h3 class=\"wp-block-heading\">Tu camino hacia la exploraci\u00f3n<\/h3>\n\n<p>En Bolivia Love, somos m\u00e1s que un sitio web. Somos tus compa\u00f1eros de viaje, dispuestos a ayudarte a descubrir las joyas ocultas de Bolivia. Navega por nuestras gu\u00edas meticulosamente elaboradas que desvelan la esencia de las <a href=\"https:\/\/lovebolivia.com\/es\/oriente-bolivia\/\">diversas regiones<\/a> de Bolivia.  <\/p>\n\n<p>El lago Titicaca es m\u00e1gico. Las antiguas ruinas de Tiwanaku son fascinantes. Cada parte de este pa\u00eds tiene su propia historia.<\/p>\n\n<figure class=\"wp-block-image aligncenter size-full\"><img fetchpriority=\"high\" decoding=\"async\" width=\"1200\" height=\"896\" src=\"https:\/\/lovebolivia.com\/wp-content\/uploads\/2026\/04\/love-bolivia.jpeg\" alt=\"Ama el turismo en Bolivia\" class=\"wp-image-5412\" srcset=\"https:\/\/lovebolivia.com\/wp-content\/uploads\/2026\/04\/love-bolivia.jpeg 1200w, https:\/\/lovebolivia.com\/wp-content\/uploads\/2026\/04\/love-bolivia-300x224.jpeg 300w, https:\/\/lovebolivia.com\/wp-content\/uploads\/2026\/04\/love-bolivia-1024x765.jpeg 1024w, https:\/\/lovebolivia.com\/wp-content\/uploads\/2026\/04\/love-bolivia-768x573.jpeg 768w\" sizes=\"(max-width: 1200px) 100vw, 1200px\" \/><figcaption class=\"wp-element-caption\">Ama el turismo en Bolivia<\/figcaption><\/figure>\n","protected":false},"excerpt":{"rendered":"<p>\u00a1Bienvenido a Love Bolivia, tu puerta de entrada al encantador mundo de las maravillas bolivianas! Si eres un alma aventurera con ansias de vivir experiencias extraordinarias, has venido al lugar adecuado. Prep\u00e1rate para quedar cautivado por los impresionantes paisajes, la rica cultura y las vibrantes tradiciones que hacen de Bolivia un tesoro para los viajeros intr\u00e9pidos. Acomp\u00e1\u00f1anos en un viaje virtual por esta tierra de maravillas, donde cada paso conduce a un nuevo descubrimiento.<\/p>\n","protected":false},"author":6,"featured_media":1716,"parent":0,"menu_order":0,"comment_status":"closed","ping_status":"closed","template":"","meta":{"footnotes":""},"class_list":["post-1726","page","type-page","status-publish","has-post-thumbnail","hentry"],"_links":{"self":[{"href":"https:\/\/lovebolivia.com\/es\/wp-json\/wp\/v2\/pages\/1726","targetHints":{"allow":["GET"]}}],"collection":[{"href":"https:\/\/lovebolivia.com\/es\/wp-json\/wp\/v2\/pages"}],"about":[{"href":"https:\/\/lovebolivia.com\/es\/wp-json\/wp\/v2\/types\/page"}],"author":[{"embeddable":true,"href":"https:\/\/lovebolivia.com\/es\/wp-json\/wp\/v2\/users\/6"}],"replies":[{"embeddable":true,"href":"https:\/\/lovebolivia.com\/es\/wp-json\/wp\/v2\/comments?post=1726"}],"version-history":[{"count":0,"href":"https:\/\/lovebolivia.com\/es\/wp-json\/wp\/v2\/pages\/1726\/revisions"}],"wp:featuredmedia":[{"embeddable":true,"href":"https:\/\/lovebolivia.com\/es\/wp-json\/wp\/v2\/media\/1716"}],"wp:attachment":[{"href":"https:\/\/lovebolivia.com\/es\/wp-json\/wp\/v2\/media?parent=1726"}],"curies":[{"name":"wp","href":"https:\/\/api.w.org\/{rel}","templated":true}]}}