{"id":1735,"date":"2023-05-01T09:19:24","date_gmt":"2023-05-01T07:19:24","guid":{"rendered":"https:\/\/lovebolivia.com\/mapa-del-sitio\/"},"modified":"2026-03-21T13:35:58","modified_gmt":"2026-03-21T12:35:58","slug":"mapa-sitio","status":"publish","type":"page","link":"https:\/\/lovebolivia.com\/es\/mapa-sitio\/","title":{"rendered":"Mapa sitio"},"content":{"rendered":"\n<h1 class=\"wp-block-heading has-text-align-center\"><a href=\"https:\/\/es.wikipedia.org\/wiki\/Mapa_de_sitio_web\" target=\"_blank\" rel=\"noreferrer noopener\">Sitemap<\/a><\/h1>\n\n<p><\/p>\n\n<p>Este mapa del sitio te ofrece una visi\u00f3n general de la estructura del sitio lovebolivia.com. Navega por nuestras categor\u00edas principales, secciones y p\u00e1ginas individuales para descubrir todo lo que podemos ofrecerte. Si buscas algo concreto, este \u00edndice te guiar\u00e1 hasta la informaci\u00f3n que necesitas\u00bb.  <\/p>\n\n<h2 class=\"wp-block-heading\">P\u00e1ginas<\/h2>\n\n<ul class=\"wp-block-list\">\n<li><a href=\"https:\/\/lovebolivia.com\/es\/politica-cookies\/\" data-type=\"page\" data-id=\"1753\">Pol\u00edtica de cookies<\/a><\/li>\n\n\n\n<li><a href=\"https:\/\/lovebolivia.com\/es\/aviso-legal\/\" data-type=\"page\" data-id=\"1749\">Aviso legal<\/a><\/li>\n\n\n\n<li><a href=\"https:\/\/lovebolivia.com\/es\/politica-privacidad\/\" data-type=\"page\" data-id=\"1743\">Pol\u00edtica de privacidad<\/a><\/li>\n\n\n\n<li><a href=\"https:\/\/lovebolivia.com\/es\/mapa-sitio\/\" data-type=\"page\" data-id=\"1733\">Sitemap<\/a><\/li>\n\n\n\n<li><a href=\"https:\/\/lovebolivia.com\/es\/blog\/\" data-type=\"page\" data-id=\"3688\">Blog<\/a><\/li>\n<\/ul>\n\n<h2 class=\"wp-block-heading\">Categor\u00edas<\/h2>\n\n<ul class=\"wp-block-list\">\n<li><a href=\"https:\/\/lovebolivia.com\/es\/donde-ir\/\" data-type=\"category\" data-id=\"96\">D\u00f3nde ir<\/a><\/li>\n\n\n\n<li><a href=\"https:\/\/lovebolivia.com\/es\/que-ver\/\" data-type=\"category\" data-id=\"94\">Qu\u00e9 ver<\/a><\/li>\n\n\n\n<li><a href=\"https:\/\/lovebolivia.com\/es\/occidente-bolivia\/\" data-type=\"category\" data-id=\"99\">Occidente de Bolivia<\/a><\/li>\n\n\n\n<li><a href=\"https:\/\/lovebolivia.com\/es\/oriente-bolivia\/\" data-type=\"category\" data-id=\"98\">Oriente de Bolivia<\/a><\/li>\n\n\n\n<li><a href=\"https:\/\/lovebolivia.com\/es\/rutas-bolivia\/\" data-type=\"category\" data-id=\"168\">Rutas de Bolivia<\/a><\/li>\n<\/ul>\n\n<h2 class=\"wp-block-heading\">Posts<\/h2>\n\n<ul class=\"wp-block-list\">\n<li><a href=\"https:\/\/lovebolivia.com\/es\/descubre-ruta-de-la-llama-bolivia\/\" data-type=\"post\" data-id=\"2238\">La ruta de la llama boliviana<\/a><\/li>\n\n\n\n<li><a href=\"https:\/\/lovebolivia.com\/the-route-of-the-sloth-slow-but-charming-animal\/\">La ruta del perezoso | Animal lento pero encantador<\/a><\/li>\n\n\n\n<li><a href=\"https:\/\/lovebolivia.com\/es\/ruta-bufeo-delfines-rosados-bolivia\/\" data-type=\"post\" data-id=\"2228\">La ruta del bufeo, delfines rosados en Bolivia<\/a><\/li>\n\n\n\n<li><a href=\"https:\/\/lovebolivia.com\/es\/ruta-del-jaguar-tras-las-huellas-del-juaguar\/\" data-type=\"post\" data-id=\"2221\">La ruta del tigre | Tras las huellas del tigre<\/a><\/li>\n\n\n\n<li><a href=\"https:\/\/lovebolivia.com\/es\/mundo-perdido-bolivia-parque-nacional-noel-kempff\/\" data-type=\"post\" data-id=\"1838\">El Mundo Perdido en Bolivia | Parque Nacional Noel Kempff Mercado<\/a><\/li>\n<\/ul>\n\n<p><\/p>\n\n<p><\/p>\n\n<p><\/p>\n\n<figure class=\"wp-block-gallery aligncenter has-nested-images columns-default is-cropped wp-block-gallery-1 is-layout-flex wp-block-gallery-is-layout-flex\">\n<figure class=\"wp-block-image size-full\"><img fetchpriority=\"high\" decoding=\"async\" width=\"1920\" height=\"1280\" data-id=\"1288\" src=\"https:\/\/lovebolivia.com\/wp-content\/uploads\/2022\/12\/lost-bolivialove.jpg\" alt=\"Mapa del sitio | Viajero que visita y se enamora de Bolivia\" class=\"wp-image-1288\" srcset=\"https:\/\/lovebolivia.com\/wp-content\/uploads\/2022\/12\/lost-bolivialove.jpg 1920w, https:\/\/lovebolivia.com\/wp-content\/uploads\/2022\/12\/lost-bolivialove-600x400.jpg 600w, https:\/\/lovebolivia.com\/wp-content\/uploads\/2022\/12\/lost-bolivialove-300x200.jpg 300w, https:\/\/lovebolivia.com\/wp-content\/uploads\/2022\/12\/lost-bolivialove-1024x683.jpg 1024w, https:\/\/lovebolivia.com\/wp-content\/uploads\/2022\/12\/lost-bolivialove-768x512.jpg 768w, https:\/\/lovebolivia.com\/wp-content\/uploads\/2022\/12\/lost-bolivialove-1536x1024.jpg 1536w\" sizes=\"(max-width: 1920px) 100vw, 1920px\" \/><figcaption class=\"wp-element-caption\">Mapa del sitio | Viajero que visita y se enamora de Bolivia<\/figcaption><\/figure>\n<\/figure>\n","protected":false},"excerpt":{"rendered":"<p>Mapa del sitio | Qu\u00e9 ver | D\u00f3nde ir | D\u00f3nde dormir | P\u00e1ginas | Post | Categor\u00edas | Toda la informaci\u00f3n sobre Bolivia Love en un solo lugar<\/p>\n","protected":false},"author":6,"featured_media":1722,"parent":0,"menu_order":0,"comment_status":"closed","ping_status":"closed","template":"","meta":{"footnotes":""},"class_list":["post-1735","page","type-page","status-publish","has-post-thumbnail","hentry"],"_links":{"self":[{"href":"https:\/\/lovebolivia.com\/es\/wp-json\/wp\/v2\/pages\/1735","targetHints":{"allow":["GET"]}}],"collection":[{"href":"https:\/\/lovebolivia.com\/es\/wp-json\/wp\/v2\/pages"}],"about":[{"href":"https:\/\/lovebolivia.com\/es\/wp-json\/wp\/v2\/types\/page"}],"author":[{"embeddable":true,"href":"https:\/\/lovebolivia.com\/es\/wp-json\/wp\/v2\/users\/6"}],"replies":[{"embeddable":true,"href":"https:\/\/lovebolivia.com\/es\/wp-json\/wp\/v2\/comments?post=1735"}],"version-history":[{"count":0,"href":"https:\/\/lovebolivia.com\/es\/wp-json\/wp\/v2\/pages\/1735\/revisions"}],"wp:featuredmedia":[{"embeddable":true,"href":"https:\/\/lovebolivia.com\/es\/wp-json\/wp\/v2\/media\/1722"}],"wp:attachment":[{"href":"https:\/\/lovebolivia.com\/es\/wp-json\/wp\/v2\/media?parent=1735"}],"curies":[{"name":"wp","href":"https:\/\/api.w.org\/{rel}","templated":true}]}}