{"id":1747,"date":"2023-05-01T09:24:46","date_gmt":"2023-05-01T07:24:46","guid":{"rendered":"https:\/\/lovebolivia.com\/politica-de-privacidad\/"},"modified":"2026-01-29T19:33:45","modified_gmt":"2026-01-29T18:33:45","slug":"politica-privacidad","status":"publish","type":"page","link":"https:\/\/lovebolivia.com\/es\/politica-privacidad\/","title":{"rendered":"Consulta nuestra pol\u00edtica de privacidad"},"content":{"rendered":"\n<h1 class=\"wp-block-heading has-text-align-center\">Consulta nuestra pol\u00edtica de privacidad<\/h1>\n\n<h2 class=\"wp-block-heading\">Qui\u00e9nes somos<\/h2>\n\n<p>La direcci\u00f3n de nuestro sitio web es: <a href=\"https:\/\/lovebolivia.com\/es\/\">https:\/\/lovebolivia.com<\/a><\/p>\n\n<h2 class=\"wp-block-heading\">Comentarios<\/h2>\n\n<p>Cuando los visitantes dejan comentarios en el sitio, recogemos la informaci\u00f3n del formulario de comentarios. Tambi\u00e9n recogemos la direcci\u00f3n IP del visitante y el agente de usuario del navegador. Esto nos ayuda a detectar el spam.<\/p>\n\n<p>Una cadena oculta hecha a partir de tu direcci\u00f3n de correo electr\u00f3nico, llamada hash, puede ser enviada a Gravatar. Esto ayuda a comprobar si lo est\u00e1s utilizando. La Pol\u00edtica de Privacidad del servicio Gravatar est\u00e1 disponible aqu\u00ed: https:\/\/automattic.com\/privacy\/. Tras la aprobaci\u00f3n de tu comentario, tu foto de perfil es visible al p\u00fablico en el contexto de tu comentario.<\/p>\n\n<h2 class=\"wp-block-heading\">Medios<\/h2>\n\n<p>Si sube im\u00e1genes al sitio web, debe evitar subir im\u00e1genes con datos de localizaci\u00f3n incrustados (EXIF GPS) incluidos. Los visitantes del sitio web pueden descargar y extraer cualquier dato de localizaci\u00f3n de las im\u00e1genes del sitio web.<\/p>\n\n<h2 class=\"wp-block-heading\">Cookies<\/h2>\n\n<p>Si deja un comentario en nuestro sitio, puede optar por guardar su nombre, direcci\u00f3n de correo electr\u00f3nico y sitio web en cookies. Esto es para su comodidad, para que no tenga que volver a rellenar sus datos cuando deje otro comentario. Estas cookies durar\u00e1n un a\u00f1o.<\/p>\n\n<p>Si visita nuestra p\u00e1gina de inicio de sesi\u00f3n, instalaremos una cookie temporal para determinar si su navegador acepta cookies. Esta cookie no contiene datos personales y se desecha cuando usted cierra su navegador.<\/p>\n\n<p>Cuando inicie sesi\u00f3n, tambi\u00e9n instalaremos varias cookies para guardar su informaci\u00f3n de inicio de sesi\u00f3n y sus opciones de visualizaci\u00f3n en pantalla. Las cookies de inicio de sesi\u00f3n duran dos d\u00edas, y las de opciones de pantalla, un a\u00f1o. Si selecciona \u00abRecordarme\u00bb, su inicio de sesi\u00f3n persistir\u00e1 durante dos semanas. Si cierra la sesi\u00f3n de su cuenta, se eliminar\u00e1n las cookies de inicio de sesi\u00f3n.<\/p>\n\n<p>Si edita o publica un art\u00edculo, se guardar\u00e1 una cookie adicional en su navegador. Esta cookie no incluye datos personales y se limita a indicar el ID de publicaci\u00f3n del art\u00edculo que acaba de editar. Caduca al cabo de 1 d\u00eda.<\/p>\n\n<h2 class=\"wp-block-heading\">Embedded content from other <a href=\"https:\/\/en.wikipedia.org\/wiki\/Website\" target=\"_blank\" data-type=\"link\" data-id=\"https:\/\/en.wikipedia.org\/wiki\/Website\" rel=\"noreferrer noopener\">websites<\/a><\/h2>\n\n<p>Los art\u00edculos de este sitio pueden incluir contenido incrustado (por ejemplo, v\u00eddeos, im\u00e1genes, art\u00edculos, etc.). El contenido incrustado de otros sitios web funciona igual que cuando un visitante va a ese sitio web.<\/p>\n\n<p>Estos sitios web pueden recopilar datos sobre ti. Tambi\u00e9n controlan c\u00f3mo interact\u00faas con su contenido. Esto incluye el seguimiento de tu actividad si tienes una cuenta y est\u00e1s conectado.<\/p>\n\n<h2 class=\"wp-block-heading\">Con qui\u00e9n compartimos sus datos<\/h2>\n\n<p>Si solicita un restablecimiento de contrase\u00f1a, su direcci\u00f3n IP se incluir\u00e1 en el correo electr\u00f3nico de restablecimiento.<\/p>\n\n<h2 class=\"wp-block-heading\">Cu\u00e1nto tiempo conservamos sus datos<\/h2>\n\n<p>Si dejas un comentario, el comentario y sus metadatos se conservan indefinidamente. Esto nos permite reconocer y aprobar autom\u00e1ticamente los comentarios de seguimiento. No necesitaremos retenerlos en una cola de moderaci\u00f3n.<\/p>\n\n<p>Almacenamos la informaci\u00f3n personal que los usuarios proporcionan cuando se registran en nuestro sitio web. Todos los usuarios pueden ver, editar o borrar su informaci\u00f3n personal en cualquier momento (excepto que no pueden cambiar su nombre de usuario). Los administradores del sitio web tambi\u00e9n pueden ver y editar esa informaci\u00f3n.<\/p>\n\n<h2 class=\"wp-block-heading\">Qu\u00e9 derechos tiene sobre sus datos<\/h2>\n\n<p>Si tienes una cuenta en este sitio o has dejado comentarios, puedes solicitar un fichero. Este expediente incluir\u00e1 los datos personales que tenemos sobre ti, incluida cualquier informaci\u00f3n que hayas proporcionado. Tambi\u00e9n puedes solicitar que borremos cualquier dato personal que tengamos sobre ti. Esto no incluye ning\u00fan dato que estemos obligados a conservar con fines administrativos, legales o de seguridad.<\/p>\n\n<h2 class=\"wp-block-heading\">D\u00f3nde se env\u00edan sus datos<\/h2>\n\n<p>Los comentarios de los visitantes pueden ser revisados a trav\u00e9s de un servicio automatizado de detecci\u00f3n de spam.<\/p>\n\n<figure class=\"wp-block-image aligncenter size-full\"><img fetchpriority=\"high\" decoding=\"async\" width=\"1024\" height=\"1024\" src=\"https:\/\/lovebolivia.com\/wp-content\/uploads\/2024\/10\/privacy-policy.png\" alt=\"Pol&#xED;tica de privacidad\" class=\"wp-image-2578\" srcset=\"https:\/\/lovebolivia.com\/wp-content\/uploads\/2024\/10\/privacy-policy.png 1024w, https:\/\/lovebolivia.com\/wp-content\/uploads\/2024\/10\/privacy-policy-300x300.png 300w, https:\/\/lovebolivia.com\/wp-content\/uploads\/2024\/10\/privacy-policy-100x100.png 100w, https:\/\/lovebolivia.com\/wp-content\/uploads\/2024\/10\/privacy-policy-600x600.png 600w, https:\/\/lovebolivia.com\/wp-content\/uploads\/2024\/10\/privacy-policy-150x150.png 150w, https:\/\/lovebolivia.com\/wp-content\/uploads\/2024\/10\/privacy-policy-768x768.png 768w\" sizes=\"(max-width: 1024px) 100vw, 1024px\" \/><figcaption class=\"wp-element-caption\">Pol\u00edtica de privacidad<\/figcaption><\/figure>\n","protected":false},"excerpt":{"rendered":"<p>Pol\u00edtica de privacidad de Bolivia Love | Qu\u00e9 derechos tienes sobre tus datos | Con qui\u00e9n compartimos tus datos | D\u00f3nde se env\u00edan tus datos<\/p>\n","protected":false},"author":6,"featured_media":2579,"parent":0,"menu_order":0,"comment_status":"closed","ping_status":"closed","template":"","meta":{"footnotes":""},"class_list":["post-1747","page","type-page","status-publish","has-post-thumbnail","hentry"],"_links":{"self":[{"href":"https:\/\/lovebolivia.com\/es\/wp-json\/wp\/v2\/pages\/1747","targetHints":{"allow":["GET"]}}],"collection":[{"href":"https:\/\/lovebolivia.com\/es\/wp-json\/wp\/v2\/pages"}],"about":[{"href":"https:\/\/lovebolivia.com\/es\/wp-json\/wp\/v2\/types\/page"}],"author":[{"embeddable":true,"href":"https:\/\/lovebolivia.com\/es\/wp-json\/wp\/v2\/users\/6"}],"replies":[{"embeddable":true,"href":"https:\/\/lovebolivia.com\/es\/wp-json\/wp\/v2\/comments?post=1747"}],"version-history":[{"count":0,"href":"https:\/\/lovebolivia.com\/es\/wp-json\/wp\/v2\/pages\/1747\/revisions"}],"wp:featuredmedia":[{"embeddable":true,"href":"https:\/\/lovebolivia.com\/es\/wp-json\/wp\/v2\/media\/2579"}],"wp:attachment":[{"href":"https:\/\/lovebolivia.com\/es\/wp-json\/wp\/v2\/media?parent=1747"}],"curies":[{"name":"wp","href":"https:\/\/api.w.org\/{rel}","templated":true}]}}