{"id":1758,"date":"2023-05-01T09:29:56","date_gmt":"2023-05-01T07:29:56","guid":{"rendered":"https:\/\/lovebolivia.com\/politica-de-cookies\/"},"modified":"2025-07-23T10:05:11","modified_gmt":"2025-07-23T08:05:11","slug":"politica-cookies","status":"publish","type":"page","link":"https:\/\/lovebolivia.com\/es\/politica-cookies\/","title":{"rendered":"Pol\u00edtica de cookies"},"content":{"rendered":"\n<h1 class=\"wp-block-heading has-text-align-center\">Acerca de la pol\u00edtica de cookies<\/h1>\n\n<h2 class=\"wp-block-heading\"><a href=\"https:\/\/en.wikipedia.org\/wiki\/HTTP_cookie\" target=\"_blank\" rel=\"noreferrer noopener\">\u00bfQu\u00e9 son las cookies?<\/a><\/h2>\n\n<p>Las cookies son peque\u00f1os archivos de texto que se almacenan en su dispositivo cuando visita nuestro sitio web. Estas cookies permiten que el sitio web funcione de forma m\u00e1s eficiente y recuerde sus preferencias, mejorando su experiencia de usuario. Tambi\u00e9n pueden utilizarse para ofrecer contenidos o anuncios personalizados.<\/p>\n\n<h2 class=\"wp-block-heading\">Tipos de cookies que utilizamos<\/h2>\n\n<ol class=\"wp-block-list\">\n<li>Cookies esenciales: Son necesarias para que el sitio web funcione correctamente. Estas cookies no almacenan informaci\u00f3n de identificaci\u00f3n personal y no pueden desactivarse.<\/li>\n\n\n\n<li>Cookies de rendimiento: Nos permiten recopilar datos an\u00f3nimos sobre c\u00f3mo interact\u00faan los usuarios con el sitio para mejorar su rendimiento.<\/li>\n\n\n\n<li>Cookies de funcionalidad: Estas cookies proporcionan funcionalidades adicionales, como recordar sus preferencias de idioma o configuraci\u00f3n.<\/li>\n\n\n\n<li>Cookies de publicidad\/marketing: Estas cookies se utilizan para mostrar anuncios m\u00e1s relevantes para usted y para medir la eficacia de nuestras campa\u00f1as publicitarias.<\/li>\n<\/ol>\n\n<p><\/p>\n\n<h2 class=\"wp-block-heading\">Gesti\u00f3n de cookies<\/h2>\n\n<p>Puedes configurar tu navegador para bloquear o desactivar las cookies, aunque esto puede afectar a la funcionalidad del sitio web. Para obtener m\u00e1s informaci\u00f3n sobre c\u00f3mo gestionar o eliminar las cookies, consulta la secci\u00f3n \u00abAyuda\u00bb de tu navegador.<\/p>\n\n<h2 class=\"wp-block-heading\">Informaci\u00f3n legal sobre las pol\u00edticas de cookies<\/h2>\n\n<p>Este sitio web es operado por <strong>BELABY SL<\/strong>, una empresa registrada en Espa\u00f1a, con los siguientes datos:<\/p>\n\n<ul class=\"wp-block-list\">\n<li>Nombre de la empresa: BELABY SL<\/li>\n\n\n\n<li>N\u00famero de identificaci\u00f3n fiscal (NIF):<\/li>\n<\/ul>\n\n<p><\/p>\n\n<h2 class=\"wp-block-heading\">Referencias <a href=\"https:\/\/lovebolivia.com\/es\/aviso-legal\/\" data-type=\"page\" data-id=\"1749\">legales<\/a><\/h2>\n\n<p>Esta pol\u00edtica de cookies cumple con lo dispuesto en el Reglamento (UE) 2016\/679 (Reglamento General de Protecci\u00f3n de Datos, RGPD) y en la Ley 34\/2002, de 11 de julio, de Servicios de la Sociedad de la Informaci\u00f3n y Comercio Electr\u00f3nico (LSSI-CE).<\/p>\n\n<script type=\"text\/javascript\" charset=\"UTF-8\" data-cookiescriptreport=\"report\" src=\"\/\/report.cookie-script.com\/r\/fb85a1336819627142eb9d0d8afc12a3.js\"><\/script>\n","protected":false},"excerpt":{"rendered":"<p>Inf\u00f3rmate sobre las cookies que utilizamos en nuestro sitio web de viajes a Bolivia. Utilizamos cookies para mejorar tu experiencia de navegaci\u00f3n y ofrecer contenido personalizado. Haz clic aqu\u00ed para obtener m\u00e1s informaci\u00f3n.  <\/p>\n","protected":false},"author":6,"featured_media":2562,"parent":0,"menu_order":0,"comment_status":"closed","ping_status":"closed","template":"","meta":{"footnotes":""},"class_list":["post-1758","page","type-page","status-publish","has-post-thumbnail","hentry"],"_links":{"self":[{"href":"https:\/\/lovebolivia.com\/es\/wp-json\/wp\/v2\/pages\/1758","targetHints":{"allow":["GET"]}}],"collection":[{"href":"https:\/\/lovebolivia.com\/es\/wp-json\/wp\/v2\/pages"}],"about":[{"href":"https:\/\/lovebolivia.com\/es\/wp-json\/wp\/v2\/types\/page"}],"author":[{"embeddable":true,"href":"https:\/\/lovebolivia.com\/es\/wp-json\/wp\/v2\/users\/6"}],"replies":[{"embeddable":true,"href":"https:\/\/lovebolivia.com\/es\/wp-json\/wp\/v2\/comments?post=1758"}],"version-history":[{"count":0,"href":"https:\/\/lovebolivia.com\/es\/wp-json\/wp\/v2\/pages\/1758\/revisions"}],"wp:featuredmedia":[{"embeddable":true,"href":"https:\/\/lovebolivia.com\/es\/wp-json\/wp\/v2\/media\/2562"}],"wp:attachment":[{"href":"https:\/\/lovebolivia.com\/es\/wp-json\/wp\/v2\/media?parent=1758"}],"curies":[{"name":"wp","href":"https:\/\/api.w.org\/{rel}","templated":true}]}}